{"id":9598,"date":"2024-05-09T17:01:05","date_gmt":"2024-05-09T15:01:05","guid":{"rendered":"https:\/\/spawaniekonstrukcji.pl\/?page_id=9598"},"modified":"2024-08-06T14:45:27","modified_gmt":"2024-08-06T12:45:27","slug":"cutting-steel","status":"publish","type":"page","link":"https:\/\/spawaniekonstrukcji.pl\/en\/obrobka-stali\/cutting-steel\/","title":{"rendered":"Steel cutting"},"content":{"rendered":"<div class=\"wpb-content-wrapper\"><p>[vc_row css=&#8221;.vc_custom_1714460545378{padding-bottom: 70px !important;}&#8221; el_class=&#8221;services-sub-page-row-1&#8243;][vc_column][vc_empty_space height=&#8221;33px&#8221; el_class=&#8221;mobile-none&#8221;]<div class=\"bauer-headings clearfix text-center\"  style=\"\"><p class=\"sub-heading clearfix\" style=\"font-style:normal;\">\r\n\t\tSteel cutting<br \/>\n\r\n\t<\/p><\/div>[vc_column_text css=&#8221;&#8221;]<\/p>\n<p style=\"text-align: center;\"><span style=\"font-weight: 400;\">We specialise in various methods of cutting sheet metal, especially steel. Our advanced technologies and skills allow us to cut metal with precision, meeting the requirements of the most demanding clients.<\/span><\/p>\n<p style=\"text-align: center;\"><span data-metadata=\"&lt;!--(figmeta)eyJmaWxlS2V5IjoiOGFQT2xyS0FPS2pGaDRoRG9aTldTdCIsInBhc3RlSUQiOjE1OTMyMDU2NDEsImRhdGFUeXBlIjoic2NlbmUifQo=(\/figmeta)--&gt;\"><\/span><\/p>\n<p>[\/vc_column_text][vc_empty_space height=&#8221;33px&#8221; el_class=&#8221;mobile-none&#8221;][\/vc_column][\/vc_row][vc_row css=&#8221;.vc_custom_1714402053516{padding-top: 70px !important;padding-bottom: 70px !important;background-color: #f7f9fa !important;}&#8221; el_class=&#8221;services-sub-page-row-2&#8243;][vc_column][vc_empty_space height=&#8221;35px&#8221; el_class=&#8221;mobile-none&#8221;][\/vc_column][vc_column offset=&#8221;vc_col-md-2\/5&#8243;][vc_column_text el_class=&#8221;bold_text&#8221;]<span style=\"font-weight: 400;\"><strong>Steel cutting Warsaw<\/strong> &#8211; what does it look like in practice?<\/span>[\/vc_column_text][\/vc_column][vc_column offset=&#8221;vc_col-md-3\/5&#8243;][vc_column_text css=&#8221;&#8221; el_class=&#8221;simple_text&#8221;]<span style=\"font-weight: 400;\">One of our main areas of expertise is cutting stainless steel. Stainless steel is known for its strength and corrosion resistance, making it an ideal material for many industrial applications.<\/span><\/p>\n<p><span style=\"font-weight: 400;\">Based on many years of experience, our company offers a service such as steel cutting in Warsaw for local clients and by mail order for clients throughout the EU.<\/span>[\/vc_column_text][\/vc_column][vc_column][vc_empty_space height=&#8221;50px&#8221; el_class=&#8221;mobile-none&#8221;][\/vc_column][\/vc_row][vc_row css=&#8221;.vc_custom_1714459124008{padding-top: 242px !important;background-image: url(https:\/\/spawaniekonstrukcji.pl\/wp-content\/uploads\/2024\/04\/inzynier-budownictwa-i-kierownik-budowy-posiadajacy-cyfrowy-tablet-i-plany-rozmawiajacy-i-planujacy-o-budowie-koncepcja-wspolpracy-zespolowej.jpg?id=9484) !important;background-position: center !important;background-repeat: no-repeat !important;background-size: cover !important;}&#8221; el_class=&#8221;services-sub-page-row-3&#8243;][vc_column][vc_empty_space height=&#8221;400px&#8221; el_class=&#8221;mobile-none&#8221;][\/vc_column][\/vc_row][vc_row css=&#8221;.vc_custom_1714459135121{padding-top: 70px !important;padding-bottom: 70px !important;background-color: #000000 !important;}&#8221; el_class=&#8221;services-sub-page-row-4&#8243;][vc_column][vc_empty_space height=&#8221;50px&#8221; el_class=&#8221;mobile-none&#8221;][\/vc_column][vc_column offset=&#8221;vc_col-md-2\/5&#8243;][vc_column_text el_class=&#8221;bold_text&#8221;]<strong>Our company&#8217;s sheet metal and steel cutting methods<\/strong>[\/vc_column_text][vc_column_text css=&#8221;&#8221; el_class=&#8221;simple_text&#8221;]<span style=\"font-weight: 400;\">Depending on the client&#8217;s needs, we offer a variety of steel cutting methods:<\/span>[\/vc_column_text][\/vc_column][vc_column offset=&#8221;vc_col-md-3\/5&#8243;][vc_column_text el_class=&#8221;red_ul_text&#8221;]<\/p>\n<ul>\n<li style=\"font-weight: 400;\" aria-level=\"1\"><span style=\"font-weight: 400;\"><strong>Hand cutting<\/strong> &#8211; for quick, uncomplicated tasks<\/span><\/li>\n<li style=\"font-weight: 400;\" aria-level=\"1\"><span style=\"font-weight: 400;\"><strong>Band saw cutting<\/strong> &#8211; ideal for cutting larger workpieces<\/span><\/li>\n<li style=\"font-weight: 400;\" aria-level=\"1\"><span style=\"font-weight: 400;\"><strong>Stainless steel laser cutting<\/strong> &#8211; ensures precise cutting and minimal material loss. Our price list for laser cutting of steel is attractive to many clients<\/span><\/li>\n<li style=\"font-weight: 400;\" aria-level=\"1\"><span style=\"font-weight: 400;\"><strong>Laser steel cutting<\/strong> &#8211; we offer advanced laser steel cutting for precision and clean edges<\/span><\/li>\n<li style=\"font-weight: 400;\" aria-level=\"1\"><span style=\"font-weight: 400;\"><strong>Plasma cutting<\/strong> &#8211; for thick sheets and specific requirements<\/span><\/li>\n<\/ul>\n<p>[\/vc_column_text][\/vc_column][vc_column][vc_empty_space height=&#8221;50px&#8221; el_class=&#8221;mobile-none&#8221;][\/vc_column][\/vc_row][vc_row css=&#8221;.vc_custom_1714459141295{background-image: url(https:\/\/spawaniekonstrukcji.pl\/wp-content\/uploads\/2023\/12\/Rectangle-17.jpg?id=9310) !important;background-position: center !important;background-repeat: no-repeat !important;background-size: cover !important;}&#8221; el_class=&#8221;home_row-8&#8243;][vc_column]\r\n\t<div class=\"bauer-spacer clearfix\" data-desktop=\"94\" data-mobi=\"60\" data-smobi=\"60\"><\/div><h2 class=\"bauer-text clearfix text-center\" style=\"font-family:Roboto;font-weight:600;font-size:39px;line-height:39px;color:#e1e1e1;margin-bottom:30px;\"><p><span style=\"font-weight: 400;\">Why choose us?<\/span><\/p>\n<\/h2><div class=\"bauer-text clearfix text-center\" style=\"font-family:Roboto;font-weight:400;font-size:20px;line-height:28px;color:#8e8e8e;max-width:890px;margin-left: auto; margin-right: auto;\"><p style=\"text-align: center;\"><span style=\"font-weight: 400;\">In addition to the above-mentioned Projects, we also undertake other orders related to steel and sheet metal cutting in Warsaw. Everything according to the guidelines and expectations of our clients. If you have a specific project or need advice on technical possibilities &#8211; please do not hesitate to contact us.<\/span><\/p>\n<\/div>\r\n\t<div class=\"bauer-spacer clearfix\" data-desktop=\"50\" data-mobi=\"30\" data-smobi=\"30\"><\/div><div class=\"bauer-align-box text-center\"><div class=\"button-wrap icon-right\" style=\"\" ><a href=\"https:\/\/spawaniekonstrukcji.pl\/kontakt\/\" target=\"_self\" class=\"bauer-button btn-877307254 medium no_icon custom\" style=\"border-radius:30px;\"  data-background=\"#e60008\" data-text=\"#ffffff\">\r\n\t\t<span style=\"\">Get a quote <\/span>\r\n\t<\/a><\/div><\/div>\r\n\t<div class=\"bauer-spacer clearfix\" data-desktop=\"100\" data-mobi=\"60\" data-smobi=\"60\"><\/div>[\/vc_column][\/vc_row][vc_row css=&#8221;.vc_custom_1714460865007{padding-top: 70px !important;padding-bottom: 70px !important;background-color: #f7f9fa !important;}&#8221; el_class=&#8221;services-sub-page-row-2&#8243;][vc_column][vc_empty_space height=&#8221;50px&#8221; el_class=&#8221;mobile-none&#8221;][\/vc_column][vc_column offset=&#8221;vc_col-md-2\/5&#8243;][vc_column_text el_class=&#8221;bold_text&#8221;]<span style=\"font-weight: 400;\">CNC steel cutting, structural steel cutting &#8211; <strong>precision metal cutting<\/strong><\/span>[\/vc_column_text][\/vc_column][vc_column offset=&#8221;vc_col-md-3\/5&#8243;][vc_column_text css=&#8221;&#8221; el_class=&#8221;simple_text&#8221;]<span style=\"font-weight: 400;\">Thanks to our advanced CNC machines, we are able to cut structural steel with the highest precision. Regardless of the shape or size of the component, steel cutting performed by our company from Warsaw is the ideal choice.<\/span>[\/vc_column_text][\/vc_column][vc_column][vc_empty_space height=&#8221;80px&#8221; el_class=&#8221;mobile-none&#8221;][\/vc_column][\/vc_row][vc_row css=&#8221;.vc_custom_1714395174622{background-color: #f7f9fa !important;background-position: center !important;background-repeat: no-repeat !important;background-size: cover !important;}&#8221; el_class=&#8221;home_row-8&#8243;][vc_column]<div class=\"bauer-content-box clearfix \" data-padding=\"22px 60px 26px 60px\" data-mobipadding=\"22px 30px 26px 30px\" data-margin=\"0px 0px -58px 0px\" data-mobimargin=\"0px\" >\r\n\t\t<div class=\"inner ctb-273210210\" style=\"background-size:cover;\"  data-background=\"#e60008\" data-rounded=\"4px\">\r\n\t\t\t<div class=\"bauer-action-box \" style=\"\">\r\n\t\t<div class=\"inner\">\r\n\t\t<div class=\"heading-wrap \">\r\n\t\t\t<div class=\"text-wrap\" style=\"\">\r\n\t\t\t\t<h6 class=\"heading\" style=\"font-weight:300;color:#ffffff;font-size:25px;line-height:25px;font-family:Roboto;\">\r\n\t\t\t\t\tSee our Projects and videos of our daily work\r\n\t\t\t\t<\/h6>\r\n\t\t\t<\/div>\r\n\t\t<\/div><div class=\"url-wrap\" style=\"padding-top:15px;\">\r\n\t\t\t<a target=\"no\" class=\"bauer-button medium btn-297580748 custom outline solid custom\" href=\"https:\/\/www.facebook.com\/konstrukcje.stalowe.warszawa\/reels\" style=\"border-radius:50px;border-width:1px;\"  data-text=\"#f7f9fa\" data-background=\"#e60008\" data-border=\"#f7f9fa\" data-text-hover=\"#ffffff\" data-background-hover=\"#414042\"><span>Show Projects<\/span><\/a>\r\n\t\t<\/div><\/div>\r\n\t<\/div>\r\n\t\t<\/div>\r\n\t<\/div>[\/vc_column][\/vc_row]<\/p>\n<\/div>","protected":false},"excerpt":{"rendered":"<p>[vc_row css=&#8221;.vc_custom_1714460545378{padding-bottom: 70px !important;}&#8221; el_class=&#8221;services-sub-page-row-1&#8243;][vc_column][vc_empty_space height=&#8221;33px&#8221; el_class=&#8221;mobile-none&#8221;][vc_column_text css=&#8221;&#8221;] We specialise in various methods of cutting sheet metal, especially steel. Our advanced technologies and skills allow us to cut metal with precision, meeting the requirements of the most demanding clients. [\/vc_column_text][vc_empty_space height=&#8221;33px&#8221; el_class=&#8221;mobile-none&#8221;][\/vc_column][\/vc_row][vc_row css=&#8221;.vc_custom_1714402053516{padding-top: 70px !important;padding-bottom: 70px !important;background-color: #f7f9fa !important;}&#8221; el_class=&#8221;services-sub-page-row-2&#8243;][vc_column][vc_empty_space<\/p>\n","protected":false},"author":2,"featured_media":0,"parent":9470,"menu_order":0,"comment_status":"closed","ping_status":"closed","template":"","meta":{"inline_featured_image":false,"footnotes":""},"class_list":["post-9598","page","type-page","status-publish","hentry"],"translation":{"provider":"WPGlobus","version":"2.12.2","language":"en","enabled_languages":["pl","en"],"languages":{"pl":{"title":true,"content":true,"excerpt":false},"en":{"title":true,"content":true,"excerpt":false}}},"yoast_head":"<!-- This site is optimized with the Yoast SEO plugin v22.8 - https:\/\/yoast.com\/wordpress\/plugins\/seo\/ -->\n<title>Stainless steel cutting Warsaw - manual, band saw, plasma, laser - Spawaniekonstrukcji.pl<\/title>\n<meta name=\"description\" content=\"Stainless steel cutting \u27a4 Spawaniekonstrukcji.pl \u2b50\ufe0f Comprehensive service for the production of steel structures \u2714\ufe0f Check it out!\" \/>\n<meta name=\"robots\" content=\"index, follow, max-snippet:-1, max-image-preview:large, max-video-preview:-1\" \/>\n<link rel=\"canonical\" href=\"https:\/\/spawaniekonstrukcji.pl\/obrobka-stali\/cutting-steel\/\" \/>\n<meta property=\"og:locale\" content=\"en_US\" \/>\n<meta property=\"og:type\" content=\"article\" \/>\n<meta property=\"og:title\" content=\"Stainless steel cutting Warsaw - manual, band saw, plasma, laser - Spawaniekonstrukcji.pl\" \/>\n<meta property=\"og:description\" content=\"Stainless steel cutting \u27a4 Spawaniekonstrukcji.pl \u2b50\ufe0f Comprehensive service for the production of steel structures \u2714\ufe0f Check it out!\" \/>\n<meta property=\"og:url\" content=\"https:\/\/spawaniekonstrukcji.pl\/obrobka-stali\/cutting-steel\/\" \/>\n<meta property=\"og:site_name\" content=\"Norma Konstrukcje Stalowe | Twoja budowa w Normie\" \/>\n<meta property=\"article:modified_time\" content=\"2024-08-06T12:45:27+00:00\" \/>\n<meta name=\"twitter:card\" content=\"summary_large_image\" \/>\n<meta name=\"twitter:label1\" content=\"Est. reading time\" \/>\n\t<meta name=\"twitter:data1\" content=\"3 minutes\" \/>\n<script type=\"application\/ld+json\" class=\"yoast-schema-graph\">{\"@context\":\"https:\/\/schema.org\",\"@graph\":[{\"@type\":\"WebPage\",\"@id\":\"https:\/\/spawaniekonstrukcji.pl\/obrobka-stali\/cutting-steel\/\",\"url\":\"https:\/\/spawaniekonstrukcji.pl\/obrobka-stali\/cutting-steel\/\",\"name\":\"Ci\u0119cie stali nierdzewnej Warszawa - r\u0119czne, pi\u0142a ta\u015bmowa, plazma, laser - Spawaniekonstrukcji.pl\",\"isPartOf\":{\"@id\":\"https:\/\/spawaniekonstrukcji.pl\/#website\"},\"datePublished\":\"2024-05-09T15:01:05+00:00\",\"dateModified\":\"2024-08-06T12:45:27+00:00\",\"description\":\"Stainless steel cutting \u27a4 Spawaniekonstrukcji.pl \u2b50\ufe0f Comprehensive service for the production of steel structures \u2714\ufe0f Check it out!\",\"breadcrumb\":{\"@id\":\"https:\/\/spawaniekonstrukcji.pl\/obrobka-stali\/cutting-steel\/#breadcrumb\"},\"inLanguage\":\"en-US\",\"potentialAction\":[{\"@type\":\"ReadAction\",\"target\":[\"https:\/\/spawaniekonstrukcji.pl\/obrobka-stali\/cutting-steel\/\"]}]},{\"@type\":\"BreadcrumbList\",\"@id\":\"https:\/\/spawaniekonstrukcji.pl\/obrobka-stali\/cutting-steel\/#breadcrumb\",\"itemListElement\":[{\"@type\":\"ListItem\",\"position\":1,\"name\":\"Strona g\u0142\u00f3wna\",\"item\":\"https:\/\/spawaniekonstrukcji.pl\/\"},{\"@type\":\"ListItem\",\"position\":2,\"name\":\"Obr\u00f3bka stali\",\"item\":\"https:\/\/spawaniekonstrukcji.pl\/obrobka-stali\/\"},{\"@type\":\"ListItem\",\"position\":3,\"name\":\"Ci\u0119cie stali\"}]},{\"@type\":\"WebSite\",\"@id\":\"https:\/\/spawaniekonstrukcji.pl\/#website\",\"url\":\"https:\/\/spawaniekonstrukcji.pl\/\",\"name\":\"Norma Konstrukcje Stalowe | Twoja budowa w Normie\",\"description\":\"\",\"publisher\":{\"@id\":\"https:\/\/spawaniekonstrukcji.pl\/#organization\"},\"potentialAction\":[{\"@type\":\"SearchAction\",\"target\":{\"@type\":\"EntryPoint\",\"urlTemplate\":\"https:\/\/spawaniekonstrukcji.pl\/?s={search_term_string}\"},\"query-input\":\"required name=search_term_string\"}],\"inLanguage\":\"en-US\"},{\"@type\":\"Organization\",\"@id\":\"https:\/\/spawaniekonstrukcji.pl\/#organization\",\"name\":\"Norma Konstrukcje Stalowe | Twoja budowa w Normie\",\"url\":\"https:\/\/spawaniekonstrukcji.pl\/\",\"logo\":{\"@type\":\"ImageObject\",\"inLanguage\":\"en-US\",\"@id\":\"https:\/\/spawaniekonstrukcji.pl\/#\/schema\/logo\/image\/\",\"url\":\"\",\"contentUrl\":\"\",\"caption\":\"Norma Konstrukcje Stalowe | Twoja budowa w Normie\"},\"image\":{\"@id\":\"https:\/\/spawaniekonstrukcji.pl\/#\/schema\/logo\/image\/\"}}]}<\/script>\n<!-- \/ Yoast SEO plugin. -->","yoast_head_json":{"title":"Stainless steel cutting Warsaw - manual, band saw, plasma, laser - Spawaniekonstrukcji.pl","description":"Stainless steel cutting \u27a4 Spawaniekonstrukcji.pl \u2b50\ufe0f Comprehensive service for the production of steel structures \u2714\ufe0f Check it out!","robots":{"index":"index","follow":"follow","max-snippet":"max-snippet:-1","max-image-preview":"max-image-preview:large","max-video-preview":"max-video-preview:-1"},"canonical":"https:\/\/spawaniekonstrukcji.pl\/obrobka-stali\/cutting-steel\/","og_locale":"en_US","og_type":"article","og_title":"Stainless steel cutting Warsaw - manual, band saw, plasma, laser - Spawaniekonstrukcji.pl","og_description":"Stainless steel cutting \u27a4 Spawaniekonstrukcji.pl \u2b50\ufe0f Comprehensive service for the production of steel structures \u2714\ufe0f Check it out!","og_url":"https:\/\/spawaniekonstrukcji.pl\/obrobka-stali\/cutting-steel\/","og_site_name":"Norma Konstrukcje Stalowe | Twoja budowa w Normie","article_modified_time":"2024-08-06T12:45:27+00:00","twitter_card":"summary_large_image","twitter_misc":{"Est. reading time":"3 minutes"},"schema":{"@context":"https:\/\/schema.org","@graph":[{"@type":"WebPage","@id":"https:\/\/spawaniekonstrukcji.pl\/obrobka-stali\/cutting-steel\/","url":"https:\/\/spawaniekonstrukcji.pl\/obrobka-stali\/cutting-steel\/","name":"Ci\u0119cie stali nierdzewnej Warszawa - r\u0119czne, pi\u0142a ta\u015bmowa, plazma, laser - Spawaniekonstrukcji.pl","isPartOf":{"@id":"https:\/\/spawaniekonstrukcji.pl\/#website"},"datePublished":"2024-05-09T15:01:05+00:00","dateModified":"2024-08-06T12:45:27+00:00","description":"Stainless steel cutting \u27a4 Spawaniekonstrukcji.pl \u2b50\ufe0f Comprehensive service for the production of steel structures \u2714\ufe0f Check it out!","breadcrumb":{"@id":"https:\/\/spawaniekonstrukcji.pl\/obrobka-stali\/cutting-steel\/#breadcrumb"},"inLanguage":"en-US","potentialAction":[{"@type":"ReadAction","target":["https:\/\/spawaniekonstrukcji.pl\/obrobka-stali\/cutting-steel\/"]}]},{"@type":"BreadcrumbList","@id":"https:\/\/spawaniekonstrukcji.pl\/obrobka-stali\/cutting-steel\/#breadcrumb","itemListElement":[{"@type":"ListItem","position":1,"name":"Strona g\u0142\u00f3wna","item":"https:\/\/spawaniekonstrukcji.pl\/"},{"@type":"ListItem","position":2,"name":"Obr\u00f3bka stali","item":"https:\/\/spawaniekonstrukcji.pl\/obrobka-stali\/"},{"@type":"ListItem","position":3,"name":"Ci\u0119cie stali"}]},{"@type":"WebSite","@id":"https:\/\/spawaniekonstrukcji.pl\/#website","url":"https:\/\/spawaniekonstrukcji.pl\/","name":"Norma Konstrukcje Stalowe | Twoja budowa w Normie","description":"","publisher":{"@id":"https:\/\/spawaniekonstrukcji.pl\/#organization"},"potentialAction":[{"@type":"SearchAction","target":{"@type":"EntryPoint","urlTemplate":"https:\/\/spawaniekonstrukcji.pl\/?s={search_term_string}"},"query-input":"required name=search_term_string"}],"inLanguage":"en-US"},{"@type":"Organization","@id":"https:\/\/spawaniekonstrukcji.pl\/#organization","name":"Norma Konstrukcje Stalowe | Twoja budowa w Normie","url":"https:\/\/spawaniekonstrukcji.pl\/","logo":{"@type":"ImageObject","inLanguage":"en-US","@id":"https:\/\/spawaniekonstrukcji.pl\/#\/schema\/logo\/image\/","url":"","contentUrl":"","caption":"Norma Konstrukcje Stalowe | Twoja budowa w Normie"},"image":{"@id":"https:\/\/spawaniekonstrukcji.pl\/#\/schema\/logo\/image\/"}}]}},"_links":{"self":[{"href":"https:\/\/spawaniekonstrukcji.pl\/en\/wp-json\/wp\/v2\/pages\/9598","targetHints":{"allow":["GET"]}}],"collection":[{"href":"https:\/\/spawaniekonstrukcji.pl\/en\/wp-json\/wp\/v2\/pages"}],"about":[{"href":"https:\/\/spawaniekonstrukcji.pl\/en\/wp-json\/wp\/v2\/types\/page"}],"author":[{"embeddable":true,"href":"https:\/\/spawaniekonstrukcji.pl\/en\/wp-json\/wp\/v2\/users\/2"}],"replies":[{"embeddable":true,"href":"https:\/\/spawaniekonstrukcji.pl\/en\/wp-json\/wp\/v2\/comments?post=9598"}],"version-history":[{"count":15,"href":"https:\/\/spawaniekonstrukcji.pl\/en\/wp-json\/wp\/v2\/pages\/9598\/revisions"}],"predecessor-version":[{"id":10068,"href":"https:\/\/spawaniekonstrukcji.pl\/en\/wp-json\/wp\/v2\/pages\/9598\/revisions\/10068"}],"up":[{"embeddable":true,"href":"https:\/\/spawaniekonstrukcji.pl\/en\/wp-json\/wp\/v2\/pages\/9470"}],"wp:attachment":[{"href":"https:\/\/spawaniekonstrukcji.pl\/en\/wp-json\/wp\/v2\/media?parent=9598"}],"curies":[{"name":"wp","href":"https:\/\/api.w.org\/{rel}","templated":true}]}}